{"id":102,"date":"2024-04-02T21:40:39","date_gmt":"2024-04-03T04:40:39","guid":{"rendered":"https:\/\/swedishgenealogyja.com\/?page_id=102"},"modified":"2024-04-03T15:44:38","modified_gmt":"2024-04-03T22:44:38","slug":"petronella-brun","status":"publish","type":"page","link":"https:\/\/swedishgenealogyja.com\/index.php\/petronella-brun\/","title":{"rendered":"Petronella Brun"},"content":{"rendered":"\n<p>One of my ancestors, Pernilla \/ Petronella Brun (born about 1734, who lived in F\u00e5geltofta and Tol\u00e5nga, Malm\u00f6hus, Sweden) is giving me a run for my money, that\u2019s for sure! Her parents and birth record are very elusive. Many years ago, I thought I had found her birth record and parents. I thought she married a first husband M\u00e5ns Nilsson and had three children, and then married Per H\u00e5kansson Fogelberg and had three more children.<\/p>\n\n\n\n<p>But I was wrong about that. M\u00e5ns did not die before she married Per. And they each have their own death record.  Pernilla died in 1805; Petronella in 1807. Additionally, the probate of Pernilla Nilsdotter Brun identifies three children only; she is not the mother of six.<\/p>\n\n\n\n<p><strong>There are two Pernilla Bruns!<\/strong><\/p>\n\n\n\n<p>Pernilla Nilsdotter Brun, b. 2 Oct 1726 in L\u00f6vestad, Malm\u00f6hus to Nils H\u00e5kansson Brun and Bolla Olufsdotter married M\u00e5ns Nilsson and had three daughters: Hanna, Bolla, and Elna, all born in L\u00f6vestad. This is not my line. To see her in FamilySearch.org, click <a href=\"https:\/\/www.familysearch.org\/tree\/person\/details\/LHR4-6RM\" data-type=\"link\" data-id=\"https:\/\/www.familysearch.org\/tree\/person\/details\/LHR4-6RM\" target=\"_blank\" rel=\"noreferrer noopener\">HERE<\/a>.<\/p>\n\n\n\n<p>Pernilla \/ Petronella Brun, born about 1734, married Per H\u00e5kansson Fogelberg and had three children: Jacob, born in F\u00e5geltofta, and J\u00f6ran, and Lisa born in Tol\u00e5nga. This is my line.  Please click <a href=\"https:\/\/www.familysearch.org\/tree\/person\/details\/GP36-N27\" target=\"_blank\" rel=\"noreferrer noopener\">HERE<\/a> to see her in FamilySearch.org. <\/p>\n\n\n\n<p>In FamilySearch, in the sources tab of each woman, I have added a chart with links to sources, that proves that there are two Pernilla Brun\u2019s.<\/p>\n\n\n\n<p>~~~~~~~~~~~~~~~~~~~~~~~~~~~~~~~~~<\/p>\n\n\n\n<p><strong>A Note On Names<\/strong><\/p>\n\n\n\n<p>&#8220;Pernilla&#8221; and &#8220;Petronella&#8221; are variations of the same name, like &#8220;Lizzy&#8221; and &#8220;Elizabeth.&#8221; They are interchangeable and equivalent. Pernilla who married M\u00e5ns was always called &#8220;Pernilla&#8221; in the records. The woman who married Per was recorded as &#8220;Pernilla&#8221; in her marriage record and in the birth record of her first child, and was recorded as &#8220;Petronella&#8221; in all following records. Perhaps she was distinguishing herself from other Pernilla Brun.<\/p>\n\n\n\n<p>~~~~~~~~~~~~~~~~~~~~~~~~~~~~~~~~~<\/p>\n\n\n\n<p><strong>Coming soon:<\/strong> my research log on Petronella Brun. I would like to share all I have found, in the hopes that, if anyone else is searching for her birth record and parents, the collaboration will help us along.<\/p>\n\n\n\n<p><\/p>\n","protected":false},"excerpt":{"rendered":"<p>One of my ancestors, Pernilla \/ Petronella Brun (born about 1734, who lived in F\u00e5geltofta and Tol\u00e5nga, Malm\u00f6hus, Sweden) is giving me a run for my money, that\u2019s for sure! Her parents and birth record are very elusive. Many years ago, I thought I had found her birth record and parents. I thought she married [&hellip;]<\/p>\n","protected":false},"author":1,"featured_media":0,"parent":0,"menu_order":0,"comment_status":"closed","ping_status":"closed","template":"","meta":{"footnotes":""},"aioseo_notices":[],"_links":{"self":[{"href":"https:\/\/swedishgenealogyja.com\/index.php\/wp-json\/wp\/v2\/pages\/102"}],"collection":[{"href":"https:\/\/swedishgenealogyja.com\/index.php\/wp-json\/wp\/v2\/pages"}],"about":[{"href":"https:\/\/swedishgenealogyja.com\/index.php\/wp-json\/wp\/v2\/types\/page"}],"author":[{"embeddable":true,"href":"https:\/\/swedishgenealogyja.com\/index.php\/wp-json\/wp\/v2\/users\/1"}],"replies":[{"embeddable":true,"href":"https:\/\/swedishgenealogyja.com\/index.php\/wp-json\/wp\/v2\/comments?post=102"}],"version-history":[{"count":18,"href":"https:\/\/swedishgenealogyja.com\/index.php\/wp-json\/wp\/v2\/pages\/102\/revisions"}],"predecessor-version":[{"id":167,"href":"https:\/\/swedishgenealogyja.com\/index.php\/wp-json\/wp\/v2\/pages\/102\/revisions\/167"}],"wp:attachment":[{"href":"https:\/\/swedishgenealogyja.com\/index.php\/wp-json\/wp\/v2\/media?parent=102"}],"curies":[{"name":"wp","href":"https:\/\/api.w.org\/{rel}","templated":true}]}}